{"id":1735,"date":"2024-06-21T16:42:32","date_gmt":"2024-06-21T16:42:32","guid":{"rendered":"https:\/\/h2d.com\/professional-user\/"},"modified":"2026-04-29T10:29:29","modified_gmt":"2026-04-29T10:29:29","slug":"profesionales","status":"publish","type":"page","link":"https:\/\/h2d.com\/es\/profesionales\/","title":{"rendered":"Professional user"},"content":{"rendered":"","protected":false},"excerpt":{"rendered":"","protected":false},"author":1,"featured_media":0,"parent":0,"menu_order":0,"comment_status":"closed","ping_status":"closed","template":"page-landing-professional.php","meta":{"_acf_changed":false,"footnotes":""},"class_list":["post-1735","page","type-page","status-publish","hentry"],"acf":[],"yoast_head":"<!-- This site is optimized with the Yoast SEO plugin v27.0 - https:\/\/yoast.com\/product\/yoast-seo-wordpress\/ -->\n<title>H2D | Profesionales<\/title>\n<meta name=\"description\" content=\"H2D es la aplicaci\u00f3n dise\u00f1ada para profesionales y fontaneros, que permite la monitorizaci\u00f3n remota en tiempo real de los sistemas de bombas DAB.\" \/>\n<meta name=\"robots\" content=\"index, follow, max-snippet:-1, max-image-preview:large, max-video-preview:-1\" \/>\n<link rel=\"canonical\" href=\"https:\/\/h2d.com\/es\/profesionales\/\" \/>\n<meta property=\"og:locale\" content=\"es_ES\" \/>\n<meta property=\"og:type\" content=\"article\" \/>\n<meta property=\"og:title\" content=\"H2D | Profesionales\" \/>\n<meta property=\"og:description\" content=\"H2D es la aplicaci\u00f3n dise\u00f1ada para profesionales y fontaneros, que permite la monitorizaci\u00f3n remota en tiempo real de los sistemas de bombas DAB.\" \/>\n<meta property=\"og:url\" content=\"https:\/\/h2d.com\/es\/profesionales\/\" \/>\n<meta property=\"og:site_name\" content=\"H2D | DAB Smart Water Control\" \/>\n<meta property=\"article:modified_time\" content=\"2026-04-29T10:29:29+00:00\" \/>\n<meta name=\"twitter:card\" content=\"summary_large_image\" \/>\n<script type=\"application\/ld+json\" class=\"yoast-schema-graph\">{\"@context\":\"https:\/\/schema.org\",\"@graph\":[{\"@type\":\"WebPage\",\"@id\":\"https:\/\/h2d.com\/es\/profesionales\/\",\"url\":\"https:\/\/h2d.com\/es\/profesionales\/\",\"name\":\"H2D | Profesionales\",\"isPartOf\":{\"@id\":\"https:\/\/h2d.com\/#website\"},\"datePublished\":\"2024-06-21T16:42:32+00:00\",\"dateModified\":\"2026-04-29T10:29:29+00:00\",\"description\":\"H2D es la aplicaci\u00f3n dise\u00f1ada para profesionales y fontaneros, que permite la monitorizaci\u00f3n remota en tiempo real de los sistemas de bombas DAB.\",\"breadcrumb\":{\"@id\":\"https:\/\/h2d.com\/es\/profesionales\/#breadcrumb\"},\"inLanguage\":\"es\",\"potentialAction\":[{\"@type\":\"ReadAction\",\"target\":[\"https:\/\/h2d.com\/es\/profesionales\/\"]}]},{\"@type\":\"BreadcrumbList\",\"@id\":\"https:\/\/h2d.com\/es\/profesionales\/#breadcrumb\",\"itemListElement\":[{\"@type\":\"ListItem\",\"position\":1,\"name\":\"Home\",\"item\":\"https:\/\/h2d.com\/es\/\"},{\"@type\":\"ListItem\",\"position\":2,\"name\":\"Professional user\"}]},{\"@type\":\"WebSite\",\"@id\":\"https:\/\/h2d.com\/#website\",\"url\":\"https:\/\/h2d.com\/\",\"name\":\"H2D | DAB Smart Water Control\",\"description\":\"\",\"potentialAction\":[{\"@type\":\"SearchAction\",\"target\":{\"@type\":\"EntryPoint\",\"urlTemplate\":\"https:\/\/h2d.com\/?s={search_term_string}\"},\"query-input\":{\"@type\":\"PropertyValueSpecification\",\"valueRequired\":true,\"valueName\":\"search_term_string\"}}],\"inLanguage\":\"es\"}]}<\/script>\n<!-- \/ Yoast SEO plugin. -->","yoast_head_json":{"title":"H2D | Profesionales","description":"H2D es la aplicaci\u00f3n dise\u00f1ada para profesionales y fontaneros, que permite la monitorizaci\u00f3n remota en tiempo real de los sistemas de bombas DAB.","robots":{"index":"index","follow":"follow","max-snippet":"max-snippet:-1","max-image-preview":"max-image-preview:large","max-video-preview":"max-video-preview:-1"},"canonical":"https:\/\/h2d.com\/es\/profesionales\/","og_locale":"es_ES","og_type":"article","og_title":"H2D | Profesionales","og_description":"H2D es la aplicaci\u00f3n dise\u00f1ada para profesionales y fontaneros, que permite la monitorizaci\u00f3n remota en tiempo real de los sistemas de bombas DAB.","og_url":"https:\/\/h2d.com\/es\/profesionales\/","og_site_name":"H2D | DAB Smart Water Control","article_modified_time":"2026-04-29T10:29:29+00:00","twitter_card":"summary_large_image","schema":{"@context":"https:\/\/schema.org","@graph":[{"@type":"WebPage","@id":"https:\/\/h2d.com\/es\/profesionales\/","url":"https:\/\/h2d.com\/es\/profesionales\/","name":"H2D | Profesionales","isPartOf":{"@id":"https:\/\/h2d.com\/#website"},"datePublished":"2024-06-21T16:42:32+00:00","dateModified":"2026-04-29T10:29:29+00:00","description":"H2D es la aplicaci\u00f3n dise\u00f1ada para profesionales y fontaneros, que permite la monitorizaci\u00f3n remota en tiempo real de los sistemas de bombas DAB.","breadcrumb":{"@id":"https:\/\/h2d.com\/es\/profesionales\/#breadcrumb"},"inLanguage":"es","potentialAction":[{"@type":"ReadAction","target":["https:\/\/h2d.com\/es\/profesionales\/"]}]},{"@type":"BreadcrumbList","@id":"https:\/\/h2d.com\/es\/profesionales\/#breadcrumb","itemListElement":[{"@type":"ListItem","position":1,"name":"Home","item":"https:\/\/h2d.com\/es\/"},{"@type":"ListItem","position":2,"name":"Professional user"}]},{"@type":"WebSite","@id":"https:\/\/h2d.com\/#website","url":"https:\/\/h2d.com\/","name":"H2D | DAB Smart Water Control","description":"","potentialAction":[{"@type":"SearchAction","target":{"@type":"EntryPoint","urlTemplate":"https:\/\/h2d.com\/?s={search_term_string}"},"query-input":{"@type":"PropertyValueSpecification","valueRequired":true,"valueName":"search_term_string"}}],"inLanguage":"es"}]}},"_links":{"self":[{"href":"https:\/\/h2d.com\/es\/wp-json\/wp\/v2\/pages\/1735","targetHints":{"allow":["GET"]}}],"collection":[{"href":"https:\/\/h2d.com\/es\/wp-json\/wp\/v2\/pages"}],"about":[{"href":"https:\/\/h2d.com\/es\/wp-json\/wp\/v2\/types\/page"}],"author":[{"embeddable":true,"href":"https:\/\/h2d.com\/es\/wp-json\/wp\/v2\/users\/1"}],"replies":[{"embeddable":true,"href":"https:\/\/h2d.com\/es\/wp-json\/wp\/v2\/comments?post=1735"}],"version-history":[{"count":9,"href":"https:\/\/h2d.com\/es\/wp-json\/wp\/v2\/pages\/1735\/revisions"}],"predecessor-version":[{"id":2174,"href":"https:\/\/h2d.com\/es\/wp-json\/wp\/v2\/pages\/1735\/revisions\/2174"}],"wp:attachment":[{"href":"https:\/\/h2d.com\/es\/wp-json\/wp\/v2\/media?parent=1735"}],"curies":[{"name":"wp","href":"https:\/\/api.w.org\/{rel}","templated":true}]}}